{"id":541,"date":"2018-11-27T09:17:08","date_gmt":"2018-11-27T06:17:08","guid":{"rendered":"https:\/\/no10arch.com\/about\/"},"modified":"2023-07-19T15:04:57","modified_gmt":"2023-07-19T12:04:57","slug":"about","status":"publish","type":"page","link":"https:\/\/no10arch.com\/tr\/about\/","title":{"rendered":"Hakk\u0131m\u0131zda"},"content":{"rendered":"<div data-elementor-type=\"wp-post\" data-elementor-id=\"541\" class=\"elementor elementor-541\" data-elementor-post-type=\"page\">\n\t\t\t\t\t\t<section class=\"elementor-section elementor-top-section elementor-element elementor-element-5c40d7b elementor-section-boxed elementor-section-height-default elementor-section-height-default\" data-id=\"5c40d7b\" data-element_type=\"section\">\n\t\t\t\t\t\t<div class=\"elementor-container elementor-column-gap-default\">\n\t\t\t\t\t<div class=\"elementor-column elementor-col-100 elementor-top-column elementor-element elementor-element-2ebbf9c\" data-id=\"2ebbf9c\" data-element_type=\"column\">\n\t\t\t<div class=\"elementor-widget-wrap elementor-element-populated\">\n\t\t\t\t\t\t<div class=\"elementor-element elementor-element-fe195c7 elementor-widget elementor-widget-heading\" data-id=\"fe195c7\" data-element_type=\"widget\" data-widget_type=\"heading.default\">\n\t\t\t\t<div class=\"elementor-widget-container\">\n\t\t\t\t\t<h2 class=\"elementor-heading-title elementor-size-default\">Biz Kimiz?<\/h2>\t\t\t\t<\/div>\n\t\t\t\t<\/div>\n\t\t\t\t<div class=\"elementor-element elementor-element-dc051dd elementor-widget-divider--view-line elementor-widget elementor-widget-divider\" data-id=\"dc051dd\" data-element_type=\"widget\" data-widget_type=\"divider.default\">\n\t\t\t\t<div class=\"elementor-widget-container\">\n\t\t\t\t\t\t\t<div class=\"elementor-divider\">\n\t\t\t<span class=\"elementor-divider-separator\">\n\t\t\t\t\t\t<\/span>\n\t\t<\/div>\n\t\t\t\t\t\t<\/div>\n\t\t\t\t<\/div>\n\t\t\t\t<div class=\"elementor-element elementor-element-e5f497e elementor-widget elementor-widget-text-editor\" data-id=\"e5f497e\" data-element_type=\"widget\" data-widget_type=\"text-editor.default\">\n\t\t\t\t<div class=\"elementor-widget-container\">\n\t\t\t\t\t\t\t\t\t<p class=\"MsoNormal\">NO10 Mimarl\u0131k, Duygu Zeynep Poyraz taraf\u0131ndan 2012 y\u0131l\u0131nda kurulmu\u015ftur.<\/p>\n<p class=\"MsoNormal\">2009 y\u0131l\u0131ndan bu yana mimarl\u0131k yapan Duygu Zeynep Poyraz tasar\u0131m faaliyetlerine kendi ofisini kurarak devam etme karar\u0131 alm\u0131\u015ft\u0131r.<\/p>\n<p class=\"MsoNormal\">NO10 mimarl\u0131k ve i\u00e7 mimarl\u0131k st\u00fcdyosu ofis, konut, klinik, restoran, a\u00e7\u0131k alan tasar\u0131mlar\u0131, otel tasar\u0131mlar\u0131 gibi i\u00e7 mimari projeler ve uygulamalar\u0131n yan\u0131 s\u0131ra eski eser restorasyonu ve b\u00fcy\u00fck \u00f6l\u00e7ekli ticari fonksiyonlarda projelerde \u00fcstlenmektedir.<\/p>\n<p class=\"MsoNormal\"><span style=\"font-style: inherit; font-weight: inherit; color: var(--ast-global-color-3);\">St\u00fcdyomuz bize verilen i\u015fleri mimari uygulamalar\u0131n yan\u0131 s\u0131ra marka kimli\u011fi \u00e7al\u0131\u015fmalar\u0131 ile birle\u015ftirerek bir paket halinde sunabilmektedir.<\/span><\/p>\t\t\t\t\t\t\t\t<\/div>\n\t\t\t\t<\/div>\n\t\t\t\t\t<\/div>\n\t\t<\/div>\n\t\t\t\t\t<\/div>\n\t\t<\/section>\n\t\t\t\t<\/div>","protected":false},"excerpt":{"rendered":"<p>Who are we NO10 Architecture was founded by Duygu Zeynep Poyraz in 2012. Architect Duygu Zeynep Poyraz, since 2009, has decided to continue her design activities by establishing her own office. NO10 Architecture and Interior Design Studio handles interior design projects and constructions such as offices, residences, clinisc, restaurants, open space designs, hotel designs, as [&hellip;]<\/p>","protected":false},"author":1,"featured_media":0,"parent":0,"menu_order":0,"comment_status":"closed","ping_status":"closed","template":"","meta":{"site-sidebar-layout":"no-sidebar","site-content-layout":"page-builder","ast-site-content-layout":"","site-content-style":"default","site-sidebar-style":"default","ast-global-header-display":"","ast-banner-title-visibility":"","ast-main-header-display":"","ast-hfb-above-header-display":"","ast-hfb-below-header-display":"","ast-hfb-mobile-header-display":"","site-post-title":"disabled","ast-breadcrumbs-content":"","ast-featured-img":"disabled","footer-sml-layout":"","theme-transparent-header-meta":"enabled","adv-header-id-meta":"","stick-header-meta":"","header-above-stick-meta":"","header-main-stick-meta":"","header-below-stick-meta":"","astra-migrate-meta-layouts":"default","ast-page-background-enabled":"default","ast-page-background-meta":{"desktop":{"background-color":"","background-image":"","background-repeat":"repeat","background-position":"center center","background-size":"auto","background-attachment":"scroll","background-type":"","background-media":"","overlay-type":"","overlay-color":"","overlay-opacity":"","overlay-gradient":""},"tablet":{"background-color":"","background-image":"","background-repeat":"repeat","background-position":"center center","background-size":"auto","background-attachment":"scroll","background-type":"","background-media":"","overlay-type":"","overlay-color":"","overlay-opacity":"","overlay-gradient":""},"mobile":{"background-color":"","background-image":"","background-repeat":"repeat","background-position":"center center","background-size":"auto","background-attachment":"scroll","background-type":"","background-media":"","overlay-type":"","overlay-color":"","overlay-opacity":"","overlay-gradient":""}},"ast-content-background-meta":{"desktop":{"background-color":"var(--ast-global-color-5)","background-image":"","background-repeat":"repeat","background-position":"center center","background-size":"auto","background-attachment":"scroll","background-type":"","background-media":"","overlay-type":"","overlay-color":"","overlay-opacity":"","overlay-gradient":""},"tablet":{"background-color":"var(--ast-global-color-5)","background-image":"","background-repeat":"repeat","background-position":"center center","background-size":"auto","background-attachment":"scroll","background-type":"","background-media":"","overlay-type":"","overlay-color":"","overlay-opacity":"","overlay-gradient":""},"mobile":{"background-color":"var(--ast-global-color-5)","background-image":"","background-repeat":"repeat","background-position":"center center","background-size":"auto","background-attachment":"scroll","background-type":"","background-media":"","overlay-type":"","overlay-color":"","overlay-opacity":"","overlay-gradient":""}},"footnotes":""},"class_list":["post-541","page","type-page","status-publish","hentry"],"_links":{"self":[{"href":"https:\/\/no10arch.com\/tr\/wp-json\/wp\/v2\/pages\/541","targetHints":{"allow":["GET"]}}],"collection":[{"href":"https:\/\/no10arch.com\/tr\/wp-json\/wp\/v2\/pages"}],"about":[{"href":"https:\/\/no10arch.com\/tr\/wp-json\/wp\/v2\/types\/page"}],"author":[{"embeddable":true,"href":"https:\/\/no10arch.com\/tr\/wp-json\/wp\/v2\/users\/1"}],"replies":[{"embeddable":true,"href":"https:\/\/no10arch.com\/tr\/wp-json\/wp\/v2\/comments?post=541"}],"version-history":[{"count":9,"href":"https:\/\/no10arch.com\/tr\/wp-json\/wp\/v2\/pages\/541\/revisions"}],"predecessor-version":[{"id":3890,"href":"https:\/\/no10arch.com\/tr\/wp-json\/wp\/v2\/pages\/541\/revisions\/3890"}],"wp:attachment":[{"href":"https:\/\/no10arch.com\/tr\/wp-json\/wp\/v2\/media?parent=541"}],"curies":[{"name":"wp","href":"https:\/\/api.w.org\/{rel}","templated":true}]}}